{"id":77,"date":"2020-11-05T12:10:54","date_gmt":"2020-11-05T12:10:54","guid":{"rendered":"http:\/\/www.iatifema.com.br\/?page_id=77"},"modified":"2020-11-05T12:10:54","modified_gmt":"2020-11-05T12:10:54","slug":"eventos","status":"publish","type":"page","link":"https:\/\/www.iatifema.com.br\/index.php\/eventos\/","title":{"rendered":"Eventos"},"content":{"rendered":"\n<ul class=\"wp-block-list\"><li><strong><a href=\"http:\/\/www.iatifema.com.br\/index.php\/recursos-para-startup\/\">Evento para capta\u00e7\u00e3o de Recursos para Startup<\/a><\/strong><\/li><li><a href=\"http:\/\/www.iatifema.com.br\/index.php\/workshop-startando-uma-startup\/\"><strong>Workshop &#8211; Startando uma Startup<\/strong><\/a><\/li><li> <a href=\"http:\/\/www.iatifema.com.br\/index.php\/2020\/11\/27\/transformacao-digital-e-o-empreendedorismo-feminino\/\"><strong>Transforma\u00e7\u00e3o Digital e o Empreendedorismo Feminino<\/strong><\/a> <\/li><li><a href=\"http:\/\/www.iatifema.com.br\/index.php\/2021\/03\/01\/3a-edicao-do-workshop-startando-uma-startup\/\"><strong>3\u00aa Edi\u00e7\u00e3o do Workshop \u201cStartando uma Startup\u201d<\/strong><\/a><br><\/li><\/ul>\n\n\n\n<p><\/p>\n","protected":false},"excerpt":{"rendered":"<p>Evento para capta\u00e7\u00e3o de Recursos para Startup Workshop &#8211; Startando uma Startup Transforma\u00e7\u00e3o Digital e o Empreendedorismo Feminino 3\u00aa Edi\u00e7\u00e3o do Workshop \u201cStartando uma Startup\u201d<\/p>\n","protected":false},"author":1,"featured_media":0,"parent":0,"menu_order":0,"comment_status":"closed","ping_status":"closed","template":"page-templates\/template-page-sidebar.php","meta":{"footnotes":""},"class_list":["post-77","page","type-page","status-publish","hentry"],"_links":{"self":[{"href":"https:\/\/www.iatifema.com.br\/index.php\/wp-json\/wp\/v2\/pages\/77","targetHints":{"allow":["GET"]}}],"collection":[{"href":"https:\/\/www.iatifema.com.br\/index.php\/wp-json\/wp\/v2\/pages"}],"about":[{"href":"https:\/\/www.iatifema.com.br\/index.php\/wp-json\/wp\/v2\/types\/page"}],"author":[{"embeddable":true,"href":"https:\/\/www.iatifema.com.br\/index.php\/wp-json\/wp\/v2\/users\/1"}],"replies":[{"embeddable":true,"href":"https:\/\/www.iatifema.com.br\/index.php\/wp-json\/wp\/v2\/comments?post=77"}],"version-history":[{"count":0,"href":"https:\/\/www.iatifema.com.br\/index.php\/wp-json\/wp\/v2\/pages\/77\/revisions"}],"wp:attachment":[{"href":"https:\/\/www.iatifema.com.br\/index.php\/wp-json\/wp\/v2\/media?parent=77"}],"curies":[{"name":"wp","href":"https:\/\/api.w.org\/{rel}","templated":true}]}}