{"id":55,"date":"2020-10-22T13:45:41","date_gmt":"2020-10-22T13:45:41","guid":{"rendered":"http:\/\/www.iatifema.com.br\/?page_id=55"},"modified":"2020-10-22T13:45:41","modified_gmt":"2020-10-22T13:45:41","slug":"sobrenos","status":"publish","type":"page","link":"https:\/\/www.iatifema.com.br\/index.php\/sobrenos\/","title":{"rendered":"Sobre n\u00f3s"},"content":{"rendered":"\n<p>Foi criada, no m\u00eas de setembro de 2018, a Incubadora Acad\u00eamica de Tecnologia e Inova\u00e7\u00e3o (IATI), da Funda\u00e7\u00e3o Educacional Machado de Assis (FEMA). A IATI \u00e9 uma a\u00e7\u00e3o para a promo\u00e7\u00e3o do Empreendedorismo e Inova\u00e7\u00e3o, cuja operacionaliza\u00e7\u00e3o ser\u00e1 feita pelo N\u00facleo de Inova\u00e7\u00e3o e Tecnologias Educacionais (NITED \u2013FEMA). <br><br> Destina-se a apoiar as empresas inovadoras de base tecnol\u00f3gica, advindas de alunos da Institui\u00e7\u00e3o, aproximando o meio acad\u00eamico do mercado empresarial, estimulando a postura empreendedora e gerando produtos e servi\u00e7os inovadores, cujos processos ou produtos\/servi\u00e7os tenham relevantes perspectivas de mercado. A IATI apoia preferencialmente projetos oriundos de alunos da FEMA, n\u00e3o sendo descartados outros advindos de todo o territ\u00f3rio nacional, com empreendimentos inovadores de base tecnol\u00f3gica cujos processos ou produtos\/servi\u00e7os tenham relevantes perspectivas de mercado.<br><br> As empresas pass\u00edveis de incuba\u00e7\u00e3o devem se enquadrar preferencialmente entre as \u00e1reas de concentra\u00e7\u00e3o dos cursos superiores da FEMA, as quais s\u00e3o classificadas por meio de um processo de sele\u00e7\u00e3o, o qual se inicia com a divulga\u00e7\u00e3o de um edital de sele\u00e7\u00e3o p\u00fablico que define os crit\u00e9rios de participa\u00e7\u00e3o, aprova\u00e7\u00e3o e classifica\u00e7\u00e3o.<br> A incubadora \u00e9 mais uma ferramenta \u00e0 disposi\u00e7\u00e3o dos acad\u00eamicos da FEMA, \u00fatil no aprimoramento das compet\u00eancias ligadas ao empreendedorismo com tecnologia e inova\u00e7\u00e3o.<br><br> O prazo de perman\u00eancia da empresa na IATI \u00e9 de at\u00e9 24 (vinte e quatro) meses, a partir da assinatura do Contrato de Servi\u00e7os de Incuba\u00e7\u00e3o, podendo ser prorrogado, desde que n\u00e3o ultrapasse o per\u00edodo m\u00e1ximo de 12 (doze) meses, mediante apresenta\u00e7\u00e3o de relat\u00f3rio de atividades e justificativa da necessidade de prorroga\u00e7\u00e3o.<br><br> Empresas incubadas, conforme disponibilidade da FEMA, podem contar com qualifica\u00e7\u00e3o, assessoria e consultoria, apoio na realiza\u00e7\u00e3o de visitas a clientes, fornecedores e parceiros, apoio na participa\u00e7\u00e3o em eventos, feiras e workshops, dentre outros.<\/p>\n\n\n\n<p><strong>Coordenadora:<\/strong><\/p>\n\n\n\n<ul class=\"wp-block-list\"><li>Graciela Borges Frainer &#8211; Coordenadora<\/li><li>Denise Felber Chaves &#8211; Coordenadora de Inova\u00e7\u00e3o e Tecnologia<\/li><\/ul>\n","protected":false},"excerpt":{"rendered":"<p>Foi criada, no m\u00eas de setembro de 2018, a Incubadora Acad\u00eamica de Tecnologia e Inova\u00e7\u00e3o (IATI), da Funda\u00e7\u00e3o Educacional Machado de Assis (FEMA). A IATI \u00e9 uma a\u00e7\u00e3o para a promo\u00e7\u00e3o do Empreendedorismo e Inova\u00e7\u00e3o, cuja operacionaliza\u00e7\u00e3o ser\u00e1 feita pelo N\u00facleo de Inova\u00e7\u00e3o e Tecnologias Educacionais (NITED \u2013FEMA). Destina-se a [&hellip;]<\/p>\n","protected":false},"author":1,"featured_media":0,"parent":0,"menu_order":0,"comment_status":"closed","ping_status":"closed","template":"page-templates\/template-fullwidth.php","meta":{"footnotes":""},"class_list":["post-55","page","type-page","status-publish","hentry"],"_links":{"self":[{"href":"https:\/\/www.iatifema.com.br\/index.php\/wp-json\/wp\/v2\/pages\/55","targetHints":{"allow":["GET"]}}],"collection":[{"href":"https:\/\/www.iatifema.com.br\/index.php\/wp-json\/wp\/v2\/pages"}],"about":[{"href":"https:\/\/www.iatifema.com.br\/index.php\/wp-json\/wp\/v2\/types\/page"}],"author":[{"embeddable":true,"href":"https:\/\/www.iatifema.com.br\/index.php\/wp-json\/wp\/v2\/users\/1"}],"replies":[{"embeddable":true,"href":"https:\/\/www.iatifema.com.br\/index.php\/wp-json\/wp\/v2\/comments?post=55"}],"version-history":[{"count":0,"href":"https:\/\/www.iatifema.com.br\/index.php\/wp-json\/wp\/v2\/pages\/55\/revisions"}],"wp:attachment":[{"href":"https:\/\/www.iatifema.com.br\/index.php\/wp-json\/wp\/v2\/media?parent=55"}],"curies":[{"name":"wp","href":"https:\/\/api.w.org\/{rel}","templated":true}]}}